{"id":5598,"date":"2024-05-20T19:36:52","date_gmt":"2024-05-20T19:36:52","guid":{"rendered":"https:\/\/bontadelcorso.it\/?post_type=product&#038;p=5598"},"modified":"2024-05-20T19:46:20","modified_gmt":"2024-05-20T19:46:20","slug":"bramito","status":"publish","type":"product","link":"https:\/\/bontadelcorso.it\/index.php\/prodotto\/bramito\/","title":{"rendered":"Bram\u00ecto della Sala"},"content":{"rendered":"<h2 class=\"mb-5\">Caratteristiche<\/h2>\n<div>\n<h3 class=\"text-sm mb-0\">Denominazione<\/h3>\n<div class=\"text-sm mb-4\">Umbria IGT<\/div>\n<\/div>\n<div>\n<h3 class=\"text-sm mb-0\">Vitigni<\/h3>\n<div class=\"text-sm mb-4\">Chardonnay 100%<\/div>\n<\/div>\n<div>\n<h3 class=\"text-sm mb-0\">Tipologia<\/h3>\n<div class=\"text-sm mb-4\">Vini Bianchi<\/div>\n<\/div>\n<div data-v-a2cdc6f2=\"\">\n<h3 class=\"text-sm mb-0\" data-v-a2cdc6f2=\"\">Regione<\/h3>\n<div class=\"text-sm mb-4\" data-v-a2cdc6f2=\"\">Umbria\u00a0(\u00a0Italia\u00a0)<\/div>\n<\/div>\n<div>\n<h3 class=\"text-sm mb-0\">Gradazione alcolica<\/h3>\n<div class=\"text-sm mb-4\">12.5 %<\/div>\n<\/div>\n<div>\n<h3 class=\"text-sm mb-0\">Formato<\/h3>\n<div class=\"text-sm mb-4\">Bottiglia 75 cl<\/div>\n<\/div>\n<div>\n<h3 class=\"text-sm mb-0\">Vinificazione<\/h3>\n<div class=\"text-sm mb-4\">Macerazione di 2-4 ore e fermentazione per una parte in acciaio e per l&#8217;altra in legno<\/div>\n<\/div>\n<div>\n<h3 class=\"text-sm mb-0\">Affinamento<\/h3>\n<div class=\"text-sm mb-4\">5 mesi in barrique<\/div>\n<\/div>\n<div class=\"text-sm\">\n<h3 class=\"text-sm mb-0\">Note addizionali<\/h3>\n<div class=\"text-sm mb-4\">\n<div>Contiene solfiti<\/div>\n<\/div>\n<\/div>\n<p>&nbsp;<\/p>\n<p>Bram\u00ecto nasce dai vigneti dell\u2019antico Castello della Sala. Una variet\u00e0, lo Chardonnay, che trova in questo particolare territorio un suolo derivante da sedimenti fossili con infiltrazioni d\u2019argilla, un\u2019espressione dalla spiccata mineralit\u00e0 ed eleganza.<\/p>\n","protected":false},"excerpt":{"rendered":"<div class=\"detailsBoxWrapper isABTestingDetailBox\">\n<h2 class=\"mb-5\">Bram\u00ecto<strong> nasce dai vigneti dell\u2019antico Castello della Sala. Una variet\u00e0, lo Chardonnay, che trova in questo particolare territorio un suolo derivante da sedimenti fossili con infiltrazioni d\u2019argilla, un\u2019espressione dalla spiccata mineralit\u00e0 ed eleganza.<\/strong><\/h2>\n<\/div>\n","protected":false},"featured_media":5596,"comment_status":"open","ping_status":"closed","template":"","meta":{"_bbp_topic_count":0,"_bbp_reply_count":0,"_bbp_total_topic_count":0,"_bbp_total_reply_count":0,"_bbp_voice_count":0,"_bbp_anonymous_reply_count":0,"_bbp_topic_count_hidden":0,"_bbp_reply_count_hidden":0,"_bbp_forum_subforum_count":0,"_joinchat":[]},"product_cat":[121],"product_tag":[],"class_list":{"0":"post-5598","1":"product","2":"type-product","3":"status-publish","4":"has-post-thumbnail","6":"product_cat-vini","8":"first","9":"instock","10":"purchasable","11":"product-type-simple"},"yoast_head":"<!-- This site is optimized with the Yoast SEO plugin v24.0 - https:\/\/yoast.com\/wordpress\/plugins\/seo\/ -->\n<title>Bram\u00ecto della Sala - Bont\u00e0 del Corso Assisi<\/title>\n<meta name=\"robots\" content=\"index, follow, max-snippet:-1, max-image-preview:large, max-video-preview:-1\" \/>\n<link rel=\"canonical\" href=\"https:\/\/bontadelcorso.it\/index.php\/prodotto\/bramito\/\" \/>\n<meta property=\"og:locale\" content=\"it_IT\" \/>\n<meta property=\"og:type\" content=\"article\" \/>\n<meta property=\"og:title\" content=\"Bram\u00ecto della Sala - Bont\u00e0 del Corso Assisi\" \/>\n<meta property=\"og:description\" content=\"Bram\u00ecto nasce dai vigneti dell\u2019antico Castello della Sala. Una variet\u00e0, lo Chardonnay, che trova in questo particolare territorio un suolo derivante da sedimenti fossili con infiltrazioni d\u2019argilla, un\u2019espressione dalla spiccata mineralit\u00e0 ed eleganza.\" \/>\n<meta property=\"og:url\" content=\"https:\/\/bontadelcorso.it\/index.php\/prodotto\/bramito\/\" \/>\n<meta property=\"og:site_name\" content=\"Bont\u00e0 del Corso Assisi\" \/>\n<meta property=\"article:modified_time\" content=\"2024-05-20T19:46:20+00:00\" \/>\n<meta property=\"og:image\" content=\"https:\/\/bontadelcorso.it\/wp-content\/uploads\/2024\/05\/Bramito-Antinori.jpg\" \/>\n\t<meta property=\"og:image:width\" content=\"640\" \/>\n\t<meta property=\"og:image:height\" content=\"800\" \/>\n\t<meta property=\"og:image:type\" content=\"image\/jpeg\" \/>\n<meta name=\"twitter:card\" content=\"summary_large_image\" \/>\n<meta name=\"twitter:label1\" content=\"Tempo di lettura stimato\" \/>\n\t<meta name=\"twitter:data1\" content=\"1 minuto\" \/>\n<script type=\"application\/ld+json\" class=\"yoast-schema-graph\">{\"@context\":\"https:\/\/schema.org\",\"@graph\":[{\"@type\":\"WebPage\",\"@id\":\"https:\/\/bontadelcorso.it\/index.php\/prodotto\/bramito\/\",\"url\":\"https:\/\/bontadelcorso.it\/index.php\/prodotto\/bramito\/\",\"name\":\"Bram\u00ecto della Sala - Bont\u00e0 del Corso Assisi\",\"isPartOf\":{\"@id\":\"https:\/\/bontadelcorso.it\/#website\"},\"primaryImageOfPage\":{\"@id\":\"https:\/\/bontadelcorso.it\/index.php\/prodotto\/bramito\/#primaryimage\"},\"image\":{\"@id\":\"https:\/\/bontadelcorso.it\/index.php\/prodotto\/bramito\/#primaryimage\"},\"thumbnailUrl\":\"https:\/\/bontadelcorso.it\/wp-content\/uploads\/2024\/05\/Bramito-Antinori.jpg\",\"datePublished\":\"2024-05-20T19:36:52+00:00\",\"dateModified\":\"2024-05-20T19:46:20+00:00\",\"breadcrumb\":{\"@id\":\"https:\/\/bontadelcorso.it\/index.php\/prodotto\/bramito\/#breadcrumb\"},\"inLanguage\":\"it-IT\",\"potentialAction\":[{\"@type\":\"ReadAction\",\"target\":[\"https:\/\/bontadelcorso.it\/index.php\/prodotto\/bramito\/\"]}]},{\"@type\":\"ImageObject\",\"inLanguage\":\"it-IT\",\"@id\":\"https:\/\/bontadelcorso.it\/index.php\/prodotto\/bramito\/#primaryimage\",\"url\":\"https:\/\/bontadelcorso.it\/wp-content\/uploads\/2024\/05\/Bramito-Antinori.jpg\",\"contentUrl\":\"https:\/\/bontadelcorso.it\/wp-content\/uploads\/2024\/05\/Bramito-Antinori.jpg\",\"width\":640,\"height\":800},{\"@type\":\"BreadcrumbList\",\"@id\":\"https:\/\/bontadelcorso.it\/index.php\/prodotto\/bramito\/#breadcrumb\",\"itemListElement\":[{\"@type\":\"ListItem\",\"position\":1,\"name\":\"Home\",\"item\":\"https:\/\/bontadelcorso.it\/\"},{\"@type\":\"ListItem\",\"position\":2,\"name\":\"Shop\",\"item\":\"https:\/\/bontadelcorso.it\/index.php\/shop\/\"},{\"@type\":\"ListItem\",\"position\":3,\"name\":\"Bram\u00ecto della Sala\"}]},{\"@type\":\"WebSite\",\"@id\":\"https:\/\/bontadelcorso.it\/#website\",\"url\":\"https:\/\/bontadelcorso.it\/\",\"name\":\"Bont\u00e0 del Corso Assisi\",\"description\":\"Eccellenze enogastronomiche Italiane\",\"potentialAction\":[{\"@type\":\"SearchAction\",\"target\":{\"@type\":\"EntryPoint\",\"urlTemplate\":\"https:\/\/bontadelcorso.it\/?s={search_term_string}\"},\"query-input\":{\"@type\":\"PropertyValueSpecification\",\"valueRequired\":true,\"valueName\":\"search_term_string\"}}],\"inLanguage\":\"it-IT\"}]}<\/script>\n<!-- \/ Yoast SEO plugin. -->","yoast_head_json":{"title":"Bram\u00ecto della Sala - Bont\u00e0 del Corso Assisi","robots":{"index":"index","follow":"follow","max-snippet":"max-snippet:-1","max-image-preview":"max-image-preview:large","max-video-preview":"max-video-preview:-1"},"canonical":"https:\/\/bontadelcorso.it\/index.php\/prodotto\/bramito\/","og_locale":"it_IT","og_type":"article","og_title":"Bram\u00ecto della Sala - Bont\u00e0 del Corso Assisi","og_description":"Bram\u00ecto nasce dai vigneti dell\u2019antico Castello della Sala. Una variet\u00e0, lo Chardonnay, che trova in questo particolare territorio un suolo derivante da sedimenti fossili con infiltrazioni d\u2019argilla, un\u2019espressione dalla spiccata mineralit\u00e0 ed eleganza.","og_url":"https:\/\/bontadelcorso.it\/index.php\/prodotto\/bramito\/","og_site_name":"Bont\u00e0 del Corso Assisi","article_modified_time":"2024-05-20T19:46:20+00:00","og_image":[{"width":640,"height":800,"url":"https:\/\/bontadelcorso.it\/wp-content\/uploads\/2024\/05\/Bramito-Antinori.jpg","type":"image\/jpeg"}],"twitter_card":"summary_large_image","twitter_misc":{"Tempo di lettura stimato":"1 minuto"},"schema":{"@context":"https:\/\/schema.org","@graph":[{"@type":"WebPage","@id":"https:\/\/bontadelcorso.it\/index.php\/prodotto\/bramito\/","url":"https:\/\/bontadelcorso.it\/index.php\/prodotto\/bramito\/","name":"Bram\u00ecto della Sala - Bont\u00e0 del Corso Assisi","isPartOf":{"@id":"https:\/\/bontadelcorso.it\/#website"},"primaryImageOfPage":{"@id":"https:\/\/bontadelcorso.it\/index.php\/prodotto\/bramito\/#primaryimage"},"image":{"@id":"https:\/\/bontadelcorso.it\/index.php\/prodotto\/bramito\/#primaryimage"},"thumbnailUrl":"https:\/\/bontadelcorso.it\/wp-content\/uploads\/2024\/05\/Bramito-Antinori.jpg","datePublished":"2024-05-20T19:36:52+00:00","dateModified":"2024-05-20T19:46:20+00:00","breadcrumb":{"@id":"https:\/\/bontadelcorso.it\/index.php\/prodotto\/bramito\/#breadcrumb"},"inLanguage":"it-IT","potentialAction":[{"@type":"ReadAction","target":["https:\/\/bontadelcorso.it\/index.php\/prodotto\/bramito\/"]}]},{"@type":"ImageObject","inLanguage":"it-IT","@id":"https:\/\/bontadelcorso.it\/index.php\/prodotto\/bramito\/#primaryimage","url":"https:\/\/bontadelcorso.it\/wp-content\/uploads\/2024\/05\/Bramito-Antinori.jpg","contentUrl":"https:\/\/bontadelcorso.it\/wp-content\/uploads\/2024\/05\/Bramito-Antinori.jpg","width":640,"height":800},{"@type":"BreadcrumbList","@id":"https:\/\/bontadelcorso.it\/index.php\/prodotto\/bramito\/#breadcrumb","itemListElement":[{"@type":"ListItem","position":1,"name":"Home","item":"https:\/\/bontadelcorso.it\/"},{"@type":"ListItem","position":2,"name":"Shop","item":"https:\/\/bontadelcorso.it\/index.php\/shop\/"},{"@type":"ListItem","position":3,"name":"Bram\u00ecto della Sala"}]},{"@type":"WebSite","@id":"https:\/\/bontadelcorso.it\/#website","url":"https:\/\/bontadelcorso.it\/","name":"Bont\u00e0 del Corso Assisi","description":"Eccellenze enogastronomiche Italiane","potentialAction":[{"@type":"SearchAction","target":{"@type":"EntryPoint","urlTemplate":"https:\/\/bontadelcorso.it\/?s={search_term_string}"},"query-input":{"@type":"PropertyValueSpecification","valueRequired":true,"valueName":"search_term_string"}}],"inLanguage":"it-IT"}]}},"_links":{"self":[{"href":"https:\/\/bontadelcorso.it\/index.php\/wp-json\/wp\/v2\/product\/5598"}],"collection":[{"href":"https:\/\/bontadelcorso.it\/index.php\/wp-json\/wp\/v2\/product"}],"about":[{"href":"https:\/\/bontadelcorso.it\/index.php\/wp-json\/wp\/v2\/types\/product"}],"replies":[{"embeddable":true,"href":"https:\/\/bontadelcorso.it\/index.php\/wp-json\/wp\/v2\/comments?post=5598"}],"wp:featuredmedia":[{"embeddable":true,"href":"https:\/\/bontadelcorso.it\/index.php\/wp-json\/wp\/v2\/media\/5596"}],"wp:attachment":[{"href":"https:\/\/bontadelcorso.it\/index.php\/wp-json\/wp\/v2\/media?parent=5598"}],"wp:term":[{"taxonomy":"product_cat","embeddable":true,"href":"https:\/\/bontadelcorso.it\/index.php\/wp-json\/wp\/v2\/product_cat?post=5598"},{"taxonomy":"product_tag","embeddable":true,"href":"https:\/\/bontadelcorso.it\/index.php\/wp-json\/wp\/v2\/product_tag?post=5598"}],"curies":[{"name":"wp","href":"https:\/\/api.w.org\/{rel}","templated":true}]}}