{"id":5657,"date":"2024-05-25T10:39:13","date_gmt":"2024-05-25T10:39:13","guid":{"rendered":"https:\/\/bontadelcorso.it\/?post_type=product&#038;p=5657"},"modified":"2025-11-25T21:10:29","modified_gmt":"2025-11-25T21:10:29","slug":"gaudenzi-seven","status":"publish","type":"product","link":"https:\/\/bontadelcorso.it\/index.php\/prodotto\/gaudenzi-seven\/","title":{"rendered":"Gaudenzi Seven 500ml"},"content":{"rendered":"<div class=\"detailsBoxWrapper isABTestingDetailBox\">\n<p>\u201cSeven\u201d \u00e8 l\u2019olio che certifichiamo come DOP Umbria \u2013 Colli del Trasimeno. Produciamo \u201cSeven\u201d con le olive ricavate da un uliveto posto nelle vicinanze del Lago Trasimeno, a oltre 60 km di distanza da Trevi. In questa particolare zona dell\u2019Umbria sono presenti variet\u00e0 diverse rispetto a quelle che circondano il frantoio e regalano oli pi\u00f9 delicati.<\/p>\n<p>\u201cSeven\u201d \u00e8 un blend tra Dolce Agogia, Moraiolo, Frantoio e Leccino ed \u00e8 un olio extravergine di oliva dai profumi erbacei e floreali, con note di mela verde e menta. In bocca, l\u2019amaro e il piccante sono lievi e piacevoli. Perfetto su pesce e crudit\u00e9 di terra e di mare.<\/p>\n<\/div>\n<p>&nbsp;<\/p>\n","protected":false},"excerpt":{"rendered":"<p>&nbsp;<\/p>\n<div align=\"RIGHT\">\n<table border=\"0\" width=\"643\" cellspacing=\"0\" cellpadding=\"2\">\n<tbody>\n<tr>\n<td bgcolor=\"#ffffff\" width=\"199\" height=\"40\"><strong><span style=\"font-family: inherit;\"><b>ANNATA<\/b><\/span><\/strong><\/td>\n<td bgcolor=\"#ffffff\" width=\"435\"><span style=\"font-family: inherit;\">2023<\/span><\/td>\n<\/tr>\n<tr>\n<td width=\"199\" height=\"40\"><strong><span style=\"font-family: inherit;\"><b>CONFEZIONE<\/b><\/span><\/strong><\/td>\n<td width=\"435\"><span style=\"font-family: inherit;\">Bottiglia in vetro<\/span><\/td>\n<\/tr>\n<tr>\n<td width=\"199\" height=\"40\"><strong><span style=\"font-family: inherit;\"><b>FORMATO<\/b><\/span><\/strong><\/td>\n<td width=\"435\"><span style=\"font-family: inherit;\">500ml<\/span><\/td>\n<\/tr>\n<tr>\n<td width=\"199\" height=\"40\"><strong><span style=\"font-family: inherit;\"><b>GUSTO<\/b><\/span><\/strong><\/td>\n<td width=\"435\"><span style=\"font-family: inherit;\">Amaro e piccante di leggera intensit\u00e0<\/span><\/td>\n<\/tr>\n<tr>\n<td width=\"199\" height=\"40\"><strong><span style=\"font-family: inherit;\"><b>MARCHIO<\/b><\/span><\/strong><\/td>\n<td width=\"435\"><span style=\"font-family: inherit;\">Frantoio Gaudenzi<\/span><\/td>\n<\/tr>\n<tr>\n<td bgcolor=\"#ffffff\" width=\"199\" height=\"40\"><strong><span style=\"font-family: inherit;\"><b>ORIGINE<\/b><\/span><\/strong><\/td>\n<td bgcolor=\"#ffffff\" width=\"435\"><span style=\"font-family: inherit;\">Italia<\/span><\/td>\n<\/tr>\n<tr>\n<td bgcolor=\"#ffffff\" width=\"199\" height=\"40\"><strong><span style=\"font-family: inherit;\"><b>TIPOLOGIA<\/b><\/span><\/strong><\/td>\n<td bgcolor=\"#ffffff\" width=\"435\"><span style=\"font-family: inherit;\">Olio Extra Vergine di Oliva<\/span><\/td>\n<\/tr>\n<tr>\n<td width=\"199\" height=\"40\"><strong><span style=\"font-family: inherit;\"><b>VARIET\u00c0<\/b><\/span><\/strong><\/td>\n<td width=\"435\"><span style=\"font-family: inherit;\">Dolce Agogia, Frantoio, Leccino<\/span><\/td>\n<\/tr>\n<tr>\n<td width=\"199\" height=\"40\"><strong><span style=\"font-family: inherit;\"><b>RACCOLTA<\/b><\/span><\/strong><\/td>\n<td width=\"435\"><span style=\"font-family: inherit;\">Seconda met\u00e0 di ottobre<\/span><\/td>\n<\/tr>\n<tr>\n<td width=\"199\" height=\"40\"><strong><span style=\"font-family: inherit;\"><b>COLORE<\/b><\/span><\/strong><\/td>\n<td width=\"435\"><span style=\"font-family: inherit;\">Verde intenso<\/span><\/td>\n<\/tr>\n<tr>\n<td width=\"199\" height=\"40\"><strong><span style=\"font-family: inherit;\"><b>CONSERVAZIONE<\/b><\/span><\/strong><\/td>\n<td width=\"435\"><span style=\"font-family: inherit;\">Conservare in un luogo fresco, lontano da di fonti calore e al riparo dalla luce <\/span><\/td>\n<\/tr>\n<\/tbody>\n<\/table>\n<\/div>\n<p>&nbsp;<\/p>\n<p>&nbsp;<\/p>\n<p>&nbsp;<\/p>\n<p>&nbsp;<\/p>\n","protected":false},"featured_media":5658,"comment_status":"open","ping_status":"closed","template":"","meta":{"_bbp_topic_count":0,"_bbp_reply_count":0,"_bbp_total_topic_count":0,"_bbp_total_reply_count":0,"_bbp_voice_count":0,"_bbp_anonymous_reply_count":0,"_bbp_topic_count_hidden":0,"_bbp_reply_count_hidden":0,"_bbp_forum_subforum_count":0,"_joinchat":[]},"product_cat":[43],"product_tag":[],"class_list":{"0":"post-5657","1":"product","2":"type-product","3":"status-publish","4":"has-post-thumbnail","6":"product_cat-olio","8":"first","9":"instock","10":"product-type-simple"},"yoast_head":"<!-- This site is optimized with the Yoast SEO plugin v24.0 - https:\/\/yoast.com\/wordpress\/plugins\/seo\/ -->\n<title>Gaudenzi Seven 500ml - Bont\u00e0 del Corso Assisi<\/title>\n<meta name=\"robots\" content=\"index, follow, max-snippet:-1, max-image-preview:large, max-video-preview:-1\" \/>\n<link rel=\"canonical\" href=\"https:\/\/bontadelcorso.it\/index.php\/prodotto\/gaudenzi-seven\/\" \/>\n<meta property=\"og:locale\" content=\"it_IT\" \/>\n<meta property=\"og:type\" content=\"article\" \/>\n<meta property=\"og:title\" content=\"Gaudenzi Seven 500ml - Bont\u00e0 del Corso Assisi\" \/>\n<meta property=\"og:description\" content=\"&nbsp;     ANNATA 2023   CONFEZIONE Bottiglia in vetro   FORMATO 500ml   GUSTO Amaro e piccante di leggera intensit\u00e0   MARCHIO Frantoio Gaudenzi   ORIGINE Italia   TIPOLOGIA Olio Extra Vergine di Oliva   VARIET\u00c0 Dolce Agogia, Frantoio, Leccino   RACCOLTA Seconda met\u00e0 di ottobre   COLORE Verde intenso   CONSERVAZIONE Conservare in un luogo fresco, lontano da di fonti calore e al riparo dalla luce      &nbsp;  &nbsp;  &nbsp;  &nbsp;\" \/>\n<meta property=\"og:url\" content=\"https:\/\/bontadelcorso.it\/index.php\/prodotto\/gaudenzi-seven\/\" \/>\n<meta property=\"og:site_name\" content=\"Bont\u00e0 del Corso Assisi\" \/>\n<meta property=\"article:modified_time\" content=\"2025-11-25T21:10:29+00:00\" \/>\n<meta property=\"og:image\" content=\"https:\/\/bontadelcorso.it\/wp-content\/uploads\/2024\/05\/Seven.jpg\" \/>\n\t<meta property=\"og:image:width\" content=\"544\" \/>\n\t<meta property=\"og:image:height\" content=\"680\" \/>\n\t<meta property=\"og:image:type\" content=\"image\/jpeg\" \/>\n<meta name=\"twitter:card\" content=\"summary_large_image\" \/>\n<meta name=\"twitter:label1\" content=\"Tempo di lettura stimato\" \/>\n\t<meta name=\"twitter:data1\" content=\"1 minuto\" \/>\n<script type=\"application\/ld+json\" class=\"yoast-schema-graph\">{\"@context\":\"https:\/\/schema.org\",\"@graph\":[{\"@type\":\"WebPage\",\"@id\":\"https:\/\/bontadelcorso.it\/index.php\/prodotto\/gaudenzi-seven\/\",\"url\":\"https:\/\/bontadelcorso.it\/index.php\/prodotto\/gaudenzi-seven\/\",\"name\":\"Gaudenzi Seven 500ml - Bont\u00e0 del Corso Assisi\",\"isPartOf\":{\"@id\":\"https:\/\/bontadelcorso.it\/#website\"},\"primaryImageOfPage\":{\"@id\":\"https:\/\/bontadelcorso.it\/index.php\/prodotto\/gaudenzi-seven\/#primaryimage\"},\"image\":{\"@id\":\"https:\/\/bontadelcorso.it\/index.php\/prodotto\/gaudenzi-seven\/#primaryimage\"},\"thumbnailUrl\":\"https:\/\/bontadelcorso.it\/wp-content\/uploads\/2024\/05\/Seven.jpg\",\"datePublished\":\"2024-05-25T10:39:13+00:00\",\"dateModified\":\"2025-11-25T21:10:29+00:00\",\"breadcrumb\":{\"@id\":\"https:\/\/bontadelcorso.it\/index.php\/prodotto\/gaudenzi-seven\/#breadcrumb\"},\"inLanguage\":\"it-IT\",\"potentialAction\":[{\"@type\":\"ReadAction\",\"target\":[\"https:\/\/bontadelcorso.it\/index.php\/prodotto\/gaudenzi-seven\/\"]}]},{\"@type\":\"ImageObject\",\"inLanguage\":\"it-IT\",\"@id\":\"https:\/\/bontadelcorso.it\/index.php\/prodotto\/gaudenzi-seven\/#primaryimage\",\"url\":\"https:\/\/bontadelcorso.it\/wp-content\/uploads\/2024\/05\/Seven.jpg\",\"contentUrl\":\"https:\/\/bontadelcorso.it\/wp-content\/uploads\/2024\/05\/Seven.jpg\",\"width\":544,\"height\":680},{\"@type\":\"BreadcrumbList\",\"@id\":\"https:\/\/bontadelcorso.it\/index.php\/prodotto\/gaudenzi-seven\/#breadcrumb\",\"itemListElement\":[{\"@type\":\"ListItem\",\"position\":1,\"name\":\"Home\",\"item\":\"https:\/\/bontadelcorso.it\/\"},{\"@type\":\"ListItem\",\"position\":2,\"name\":\"Shop\",\"item\":\"https:\/\/bontadelcorso.it\/index.php\/shop\/\"},{\"@type\":\"ListItem\",\"position\":3,\"name\":\"Gaudenzi Seven 500ml\"}]},{\"@type\":\"WebSite\",\"@id\":\"https:\/\/bontadelcorso.it\/#website\",\"url\":\"https:\/\/bontadelcorso.it\/\",\"name\":\"Bont\u00e0 del Corso Assisi\",\"description\":\"Eccellenze enogastronomiche Italiane\",\"potentialAction\":[{\"@type\":\"SearchAction\",\"target\":{\"@type\":\"EntryPoint\",\"urlTemplate\":\"https:\/\/bontadelcorso.it\/?s={search_term_string}\"},\"query-input\":{\"@type\":\"PropertyValueSpecification\",\"valueRequired\":true,\"valueName\":\"search_term_string\"}}],\"inLanguage\":\"it-IT\"}]}<\/script>\n<!-- \/ Yoast SEO plugin. -->","yoast_head_json":{"title":"Gaudenzi Seven 500ml - Bont\u00e0 del Corso Assisi","robots":{"index":"index","follow":"follow","max-snippet":"max-snippet:-1","max-image-preview":"max-image-preview:large","max-video-preview":"max-video-preview:-1"},"canonical":"https:\/\/bontadelcorso.it\/index.php\/prodotto\/gaudenzi-seven\/","og_locale":"it_IT","og_type":"article","og_title":"Gaudenzi Seven 500ml - Bont\u00e0 del Corso Assisi","og_description":"&nbsp;     ANNATA 2023   CONFEZIONE Bottiglia in vetro   FORMATO 500ml   GUSTO Amaro e piccante di leggera intensit\u00e0   MARCHIO Frantoio Gaudenzi   ORIGINE Italia   TIPOLOGIA Olio Extra Vergine di Oliva   VARIET\u00c0 Dolce Agogia, Frantoio, Leccino   RACCOLTA Seconda met\u00e0 di ottobre   COLORE Verde intenso   CONSERVAZIONE Conservare in un luogo fresco, lontano da di fonti calore e al riparo dalla luce      &nbsp;  &nbsp;  &nbsp;  &nbsp;","og_url":"https:\/\/bontadelcorso.it\/index.php\/prodotto\/gaudenzi-seven\/","og_site_name":"Bont\u00e0 del Corso Assisi","article_modified_time":"2025-11-25T21:10:29+00:00","og_image":[{"width":544,"height":680,"url":"https:\/\/bontadelcorso.it\/wp-content\/uploads\/2024\/05\/Seven.jpg","type":"image\/jpeg"}],"twitter_card":"summary_large_image","twitter_misc":{"Tempo di lettura stimato":"1 minuto"},"schema":{"@context":"https:\/\/schema.org","@graph":[{"@type":"WebPage","@id":"https:\/\/bontadelcorso.it\/index.php\/prodotto\/gaudenzi-seven\/","url":"https:\/\/bontadelcorso.it\/index.php\/prodotto\/gaudenzi-seven\/","name":"Gaudenzi Seven 500ml - Bont\u00e0 del Corso Assisi","isPartOf":{"@id":"https:\/\/bontadelcorso.it\/#website"},"primaryImageOfPage":{"@id":"https:\/\/bontadelcorso.it\/index.php\/prodotto\/gaudenzi-seven\/#primaryimage"},"image":{"@id":"https:\/\/bontadelcorso.it\/index.php\/prodotto\/gaudenzi-seven\/#primaryimage"},"thumbnailUrl":"https:\/\/bontadelcorso.it\/wp-content\/uploads\/2024\/05\/Seven.jpg","datePublished":"2024-05-25T10:39:13+00:00","dateModified":"2025-11-25T21:10:29+00:00","breadcrumb":{"@id":"https:\/\/bontadelcorso.it\/index.php\/prodotto\/gaudenzi-seven\/#breadcrumb"},"inLanguage":"it-IT","potentialAction":[{"@type":"ReadAction","target":["https:\/\/bontadelcorso.it\/index.php\/prodotto\/gaudenzi-seven\/"]}]},{"@type":"ImageObject","inLanguage":"it-IT","@id":"https:\/\/bontadelcorso.it\/index.php\/prodotto\/gaudenzi-seven\/#primaryimage","url":"https:\/\/bontadelcorso.it\/wp-content\/uploads\/2024\/05\/Seven.jpg","contentUrl":"https:\/\/bontadelcorso.it\/wp-content\/uploads\/2024\/05\/Seven.jpg","width":544,"height":680},{"@type":"BreadcrumbList","@id":"https:\/\/bontadelcorso.it\/index.php\/prodotto\/gaudenzi-seven\/#breadcrumb","itemListElement":[{"@type":"ListItem","position":1,"name":"Home","item":"https:\/\/bontadelcorso.it\/"},{"@type":"ListItem","position":2,"name":"Shop","item":"https:\/\/bontadelcorso.it\/index.php\/shop\/"},{"@type":"ListItem","position":3,"name":"Gaudenzi Seven 500ml"}]},{"@type":"WebSite","@id":"https:\/\/bontadelcorso.it\/#website","url":"https:\/\/bontadelcorso.it\/","name":"Bont\u00e0 del Corso Assisi","description":"Eccellenze enogastronomiche Italiane","potentialAction":[{"@type":"SearchAction","target":{"@type":"EntryPoint","urlTemplate":"https:\/\/bontadelcorso.it\/?s={search_term_string}"},"query-input":{"@type":"PropertyValueSpecification","valueRequired":true,"valueName":"search_term_string"}}],"inLanguage":"it-IT"}]}},"_links":{"self":[{"href":"https:\/\/bontadelcorso.it\/index.php\/wp-json\/wp\/v2\/product\/5657"}],"collection":[{"href":"https:\/\/bontadelcorso.it\/index.php\/wp-json\/wp\/v2\/product"}],"about":[{"href":"https:\/\/bontadelcorso.it\/index.php\/wp-json\/wp\/v2\/types\/product"}],"replies":[{"embeddable":true,"href":"https:\/\/bontadelcorso.it\/index.php\/wp-json\/wp\/v2\/comments?post=5657"}],"wp:featuredmedia":[{"embeddable":true,"href":"https:\/\/bontadelcorso.it\/index.php\/wp-json\/wp\/v2\/media\/5658"}],"wp:attachment":[{"href":"https:\/\/bontadelcorso.it\/index.php\/wp-json\/wp\/v2\/media?parent=5657"}],"wp:term":[{"taxonomy":"product_cat","embeddable":true,"href":"https:\/\/bontadelcorso.it\/index.php\/wp-json\/wp\/v2\/product_cat?post=5657"},{"taxonomy":"product_tag","embeddable":true,"href":"https:\/\/bontadelcorso.it\/index.php\/wp-json\/wp\/v2\/product_tag?post=5657"}],"curies":[{"name":"wp","href":"https:\/\/api.w.org\/{rel}","templated":true}]}}